{"id":317,"date":"2025-07-04T11:52:36","date_gmt":"2025-07-04T11:52:36","guid":{"rendered":"https:\/\/segwaycitytourzagreb.com\/?page_id=317"},"modified":"2026-03-30T17:22:37","modified_gmt":"2026-03-30T17:22:37","slug":"terms-and-conditions","status":"publish","type":"page","link":"https:\/\/segwaycitytourzagreb.com\/hr\/terms-and-conditions\/","title":{"rendered":"Uvjeti poslovanja"},"content":{"rendered":"<div data-elementor-type=\"wp-page\" data-elementor-id=\"317\" class=\"elementor elementor-317\" data-elementor-post-type=\"page\">\n\t\t\t\t<div class=\"elementor-element elementor-element-39ba552 e-con-full e-flex e-con e-parent\" data-id=\"39ba552\" data-element_type=\"container\">\n\t\t\t\t<div class=\"elementor-element elementor-element-5b13526 elementor-widget elementor-widget-heading\" data-id=\"5b13526\" data-element_type=\"widget\" data-widget_type=\"heading.default\">\n\t\t\t\t<div class=\"elementor-widget-container\">\n\t\t\t\t\t<h2 class=\"elementor-heading-title elementor-size-default\">UVJETI POSLOVANJA<\/h2>\t\t\t\t<\/div>\n\t\t\t\t<\/div>\n\t\t\t\t<div class=\"elementor-element elementor-element-70bf606 elementor-widget elementor-widget-heading\" data-id=\"70bf606\" data-element_type=\"widget\" data-widget_type=\"heading.default\">\n\t\t\t\t<div class=\"elementor-widget-container\">\n\t\t\t\t\t<h2 class=\"elementor-heading-title elementor-size-default\">Usluga<\/h2>\t\t\t\t<\/div>\n\t\t\t\t<\/div>\n\t\t\t\t<div class=\"elementor-element elementor-element-142bc8c elementor-widget elementor-widget-text-editor\" data-id=\"142bc8c\" data-element_type=\"widget\" data-widget_type=\"text-editor.default\">\n\t\t\t\t<div class=\"elementor-widget-container\">\n\t\t\t\t\t\t\t\t\t<p>Segway City Tour Zagreb uklju\u010duje obuku korisnika za rukovanje Segway osobnim transporterom i vo\u017enju Zagrebom uz pratnju turisti\u010dkog vodi\u010da-instruktora.\nKre\u0107emo se javnim povr\u0161inama i biciklisti\u010dkim stazama uvijek daju\u0107i prvenstvo pje\u0161acima i biciklistima.\nVodi\u010d \u0107e prilagoditi brzinu kretanja uvjetima. Zbog sigurnosti sudionika i prolaznika, vodi\u010d-instruktor zadr\u017eava pravo isklju\u010divanja sudionika koji se ne pridr\u017eavaju uputa o sigurnoj i pravilnoj vo\u017enji.<\/p>\t\t\t\t\t\t\t\t<\/div>\n\t\t\t\t<\/div>\n\t\t\t\t<div class=\"elementor-element elementor-element-03ac5de elementor-widget elementor-widget-heading\" data-id=\"03ac5de\" data-element_type=\"widget\" data-widget_type=\"heading.default\">\n\t\t\t\t<div class=\"elementor-widget-container\">\n\t\t\t\t\t<h2 class=\"elementor-heading-title elementor-size-default\">Rezervacije<\/h2>\t\t\t\t<\/div>\n\t\t\t\t<\/div>\n\t\t\t\t<div class=\"elementor-element elementor-element-aac7f09 elementor-widget elementor-widget-text-editor\" data-id=\"aac7f09\" data-element_type=\"widget\" data-widget_type=\"text-editor.default\">\n\t\t\t\t<div class=\"elementor-widget-container\">\n\t\t\t\t\t\t\t\t\t<p>Rezervacije su dostupne svaki dan od ponedjeljka do nedjelje, od 9 do 19 sati, putem rezervacijskog obrasca na naslovnici, telefonski na (<a href=\"tel: +385 1 3010 390\">00385 1 3010 390<\/a>), e-mail (<a href=\"mailto:book@segwaycitytourzagreb.com\">book@segwaycitytourzagreb.com<\/a>) ili kod na\u0161ih partnera.<\/p><p>Prilikom rezervacije na nekom od prodajnih mjesta dobit \u0107ete vau\u010der koji je potrebno predati va\u0161em vodi\u010du-instruktoru prije polaska.<\/p><p>Kada koristite rezervacijski obrazac, va\u0161 termin je potvr\u0111en nakon uplate pologa. Va\u017eno je pravilno popuniti rezervacijski obrazac kako bismo vas mogli kontaktirati u slu\u010daju nejasno\u0107a ili vi\u0161e sile.<\/p>\t\t\t\t\t\t\t\t<\/div>\n\t\t\t\t<\/div>\n\t\t\t\t<div class=\"elementor-element elementor-element-eb21979 elementor-widget elementor-widget-heading\" data-id=\"eb21979\" data-element_type=\"widget\" data-widget_type=\"heading.default\">\n\t\t\t\t<div class=\"elementor-widget-container\">\n\t\t\t\t\t<h2 class=\"elementor-heading-title elementor-size-default\">Polazno mjesto<\/h2>\t\t\t\t<\/div>\n\t\t\t\t<\/div>\n\t\t\t\t<div class=\"elementor-element elementor-element-af9f227 elementor-widget elementor-widget-text-editor\" data-id=\"af9f227\" data-element_type=\"widget\" data-widget_type=\"text-editor.default\">\n\t\t\t\t<div class=\"elementor-widget-container\">\n\t\t\t\t\t\t\t\t\t<p>Polazno mjesto je hotel Westin Zagreb.<\/p><p>O\u010dekujemo vas na vrijeme, jer eventualno ka\u0161njenje utje\u010de na plan vo\u017enje.<\/p><p>U slu\u010daju iznenadne sprije\u010denosti dolaska, molimo javite nam na vrijeme kako bismo vam predlo\u017eili drugi termin.<\/p>\t\t\t\t\t\t\t\t<\/div>\n\t\t\t\t<\/div>\n\t\t\t\t<div class=\"elementor-element elementor-element-8f47a8d elementor-widget elementor-widget-heading\" data-id=\"8f47a8d\" data-element_type=\"widget\" data-widget_type=\"heading.default\">\n\t\t\t\t<div class=\"elementor-widget-container\">\n\t\t\t\t\t<h2 class=\"elementor-heading-title elementor-size-default\">Sudionici<\/h2>\t\t\t\t<\/div>\n\t\t\t\t<\/div>\n\t\t\t\t<div class=\"elementor-element elementor-element-8039ce2 elementor-widget elementor-widget-text-editor\" data-id=\"8039ce2\" data-element_type=\"widget\" data-widget_type=\"text-editor.default\">\n\t\t\t\t<div class=\"elementor-widget-container\">\n\t\t\t\t\t\t\t\t\t<p>Usluga nije predvi\u0111ena za trudnice i djecu koja te\u017ee manje od 45 kg.<\/p><p>Va\u0161a optimalna te\u017eina mora biti u rasponu od 45 kg do 120 kg.<\/p><p>Ako postoji opravdana sumnja u prekomjernu konzumaciju alkohola, ne\u0107ete mo\u0107i sudjelovati.<\/p><p>Potpisom Op\u0107ih uvjeta o razumijevanju i ovladavanju tehnikom kori\u0161tenja ure\u0111aja, prihva\u0107ate kori\u0161tenje ure\u0111aja na vlastitu odgovornost.<\/p><p>Za mlade\u017e do 18 godina starosti, dokument potpisuju roditelji\/punoljetna pratnja.<\/p>\t\t\t\t\t\t\t\t<\/div>\n\t\t\t\t<\/div>\n\t\t\t\t<div class=\"elementor-element elementor-element-4aeeb0b elementor-widget elementor-widget-heading\" data-id=\"4aeeb0b\" data-element_type=\"widget\" data-widget_type=\"heading.default\">\n\t\t\t\t<div class=\"elementor-widget-container\">\n\t\t\t\t\t<h2 class=\"elementor-heading-title elementor-size-default\">OBUKA<\/h2>\t\t\t\t<\/div>\n\t\t\t\t<\/div>\n\t\t\t\t<div class=\"elementor-element elementor-element-c3815dd elementor-widget elementor-widget-text-editor\" data-id=\"c3815dd\" data-element_type=\"widget\" data-widget_type=\"text-editor.default\">\n\t\t\t\t<div class=\"elementor-widget-container\">\n\t\t\t\t\t\t\t\t\t<p>Obuka prethodi vo\u017enji i obavezan je dio usluge.<\/p><p>Za\u0161titna kaciga je obavazna, na raspolaganju su veli\u010dine XS-XXL.<\/p><p>Ako ste ve\u0107 vozili Segway, obuku \u0107emo prilagoditi va\u0161oj ste\u010denoj vje\u0161tini.<\/p>\t\t\t\t\t\t\t\t<\/div>\n\t\t\t\t<\/div>\n\t\t\t\t<div class=\"elementor-element elementor-element-46c160f elementor-widget elementor-widget-heading\" data-id=\"46c160f\" data-element_type=\"widget\" data-widget_type=\"heading.default\">\n\t\t\t\t<div class=\"elementor-widget-container\">\n\t\t\t\t\t<h2 class=\"elementor-heading-title elementor-size-default\">VREMENSKI UVJETI<\/h2>\t\t\t\t<\/div>\n\t\t\t\t<\/div>\n\t\t\t\t<div class=\"elementor-element elementor-element-c0aafb9 elementor-widget elementor-widget-text-editor\" data-id=\"c0aafb9\" data-element_type=\"widget\" data-widget_type=\"text-editor.default\">\n\t\t\t\t<div class=\"elementor-widget-container\">\n\t\t\t\t\t\t\t\t\t<p>U slu\u010daju jake ki\u0161e, jakog vjetra ili zbog utjecaja vi\u0161e sile predlo\u017eit \u0107emo vam drugi termin ili organizirati razgled grada pje\u0161ice.<\/p>\t\t\t\t\t\t\t\t<\/div>\n\t\t\t\t<\/div>\n\t\t\t\t<\/div>\n\t\t\t\t<\/div>","protected":false},"excerpt":{"rendered":"<p>Terms &amp; Conditions The service Your guide will adjust the speed to the situation. For the safety of participants and passersby, guide \u2013 instructor reserves the right to exclude participants who do not comply with instructions on safe and proper driving reservations Reservations are available every day from Monday to Sunday, 9am-19pm, through the booking [&hellip;]<\/p>","protected":false},"author":1,"featured_media":0,"parent":0,"menu_order":0,"comment_status":"closed","ping_status":"closed","template":"","meta":{"_acf_changed":false,"footnotes":""},"class_list":["post-317","page","type-page","status-publish","hentry"],"acf":[],"_links":{"self":[{"href":"https:\/\/segwaycitytourzagreb.com\/hr\/wp-json\/wp\/v2\/pages\/317","targetHints":{"allow":["GET"]}}],"collection":[{"href":"https:\/\/segwaycitytourzagreb.com\/hr\/wp-json\/wp\/v2\/pages"}],"about":[{"href":"https:\/\/segwaycitytourzagreb.com\/hr\/wp-json\/wp\/v2\/types\/page"}],"author":[{"embeddable":true,"href":"https:\/\/segwaycitytourzagreb.com\/hr\/wp-json\/wp\/v2\/users\/1"}],"replies":[{"embeddable":true,"href":"https:\/\/segwaycitytourzagreb.com\/hr\/wp-json\/wp\/v2\/comments?post=317"}],"version-history":[{"count":0,"href":"https:\/\/segwaycitytourzagreb.com\/hr\/wp-json\/wp\/v2\/pages\/317\/revisions"}],"wp:attachment":[{"href":"https:\/\/segwaycitytourzagreb.com\/hr\/wp-json\/wp\/v2\/media?parent=317"}],"curies":[{"name":"wp","href":"https:\/\/api.w.org\/{rel}","templated":true}]}}