{"id":319,"date":"2025-07-04T11:52:44","date_gmt":"2025-07-04T11:52:44","guid":{"rendered":"https:\/\/segwaycitytourzagreb.com\/?page_id=319"},"modified":"2026-03-30T17:21:28","modified_gmt":"2026-03-30T17:21:28","slug":"privacy-data","status":"publish","type":"page","link":"https:\/\/segwaycitytourzagreb.com\/hr\/privacy-data\/","title":{"rendered":"Politika privatnosti"},"content":{"rendered":"<div data-elementor-type=\"wp-page\" data-elementor-id=\"319\" class=\"elementor elementor-319\" data-elementor-post-type=\"page\">\n\t\t\t\t<div class=\"elementor-element elementor-element-37bf319 e-con-full e-flex e-con e-parent\" data-id=\"37bf319\" data-element_type=\"container\">\n\t\t\t\t<div class=\"elementor-element elementor-element-4181798 elementor-widget elementor-widget-heading\" data-id=\"4181798\" data-element_type=\"widget\" data-widget_type=\"heading.default\">\n\t\t\t\t<div class=\"elementor-widget-container\">\n\t\t\t\t\t<h2 class=\"elementor-heading-title elementor-size-default\">privatnost<\/h2>\t\t\t\t<\/div>\n\t\t\t\t<\/div>\n\t\t\t\t<div class=\"elementor-element elementor-element-08a50ef elementor-widget elementor-widget-heading\" data-id=\"08a50ef\" data-element_type=\"widget\" data-widget_type=\"heading.default\">\n\t\t\t\t<div class=\"elementor-widget-container\">\n\t\t\t\t\t<h2 class=\"elementor-heading-title elementor-size-default\">Politika privatnosti<\/h2>\t\t\t\t<\/div>\n\t\t\t\t<\/div>\n\t\t\t\t<div class=\"elementor-element elementor-element-dbef972 elementor-widget elementor-widget-text-editor\" data-id=\"dbef972\" data-element_type=\"widget\" data-widget_type=\"text-editor.default\">\n\t\t\t\t<div class=\"elementor-widget-container\">\n\t\t\t\t\t\t\t\t\t<p>Ova Politika privatnosti ure\u0111uje na\u010din na koji Zelena potkova j.d.o.o. prikuplja, koristi i objavljuje informacije prikupljene od korisnika web stranice SegwayCityTour.hr. Politika se odnosi na web stranicu te sve proizvode i usluge koje nudi Zelena potkova j.d.o.o. SegwayCityTour.hr je posve\u0107en za\u0161titi privatnosti pojedinaca koji posje\u0107uju web stranicu i koriste online sadr\u017eaje. Voditelj obrade podataka ove web stranice je Zelena potkova j.d.o.o., \u0160trbanova 6, Zagreb, Hrvatska.<\/p>\t\t\t\t\t\t\t\t<\/div>\n\t\t\t\t<\/div>\n\t\t\t\t<div class=\"elementor-element elementor-element-70b7694 elementor-widget elementor-widget-heading\" data-id=\"70b7694\" data-element_type=\"widget\" data-widget_type=\"heading.default\">\n\t\t\t\t<div class=\"elementor-widget-container\">\n\t\t\t\t\t<h2 class=\"elementor-heading-title elementor-size-default\">Prikupljanje podataka i svrha, osobni identifikacijski podaci<\/h2>\t\t\t\t<\/div>\n\t\t\t\t<\/div>\n\t\t\t\t<div class=\"elementor-element elementor-element-7690afb elementor-widget elementor-widget-text-editor\" data-id=\"7690afb\" data-element_type=\"widget\" data-widget_type=\"text-editor.default\">\n\t\t\t\t<div class=\"elementor-widget-container\">\n\t\t\t\t\t\t\t\t\t<p>Mo\u017eemo prikupljati osobne identifikacijske podatke od korisnika u vezi s aktivnostima, uslugama, zna\u010dajkama ili resursima koje pru\u017eamo na na\u0161oj web stranici. Korisnici mogu biti zamoljeni da nam dostave svoje ime, adresu e-po\u0161te, broj telefona, podatke o kreditnoj kartici i sli\u010dno. Osobne identifikacijske podatke prikupljamo samo ako nam ih korisnici dobrovoljno dostave. Korisnici uvijek mogu odbiti pru\u017eiti osobne podatke, no to im mo\u017ee onemogu\u0107iti kori\u0161tenje odre\u0111enih aktivnosti na web stranici.<\/p>\t\t\t\t\t\t\t\t<\/div>\n\t\t\t\t<\/div>\n\t\t\t\t<div class=\"elementor-element elementor-element-f39bb1e elementor-widget elementor-widget-heading\" data-id=\"f39bb1e\" data-element_type=\"widget\" data-widget_type=\"heading.default\">\n\t\t\t\t<div class=\"elementor-widget-container\">\n\t\t\t\t\t<h2 class=\"elementor-heading-title elementor-size-default\">Neosobni identifikacijski podaci<\/h2>\t\t\t\t<\/div>\n\t\t\t\t<\/div>\n\t\t\t\t<div class=\"elementor-element elementor-element-e30b20c elementor-widget elementor-widget-text-editor\" data-id=\"e30b20c\" data-element_type=\"widget\" data-widget_type=\"text-editor.default\">\n\t\t\t\t<div class=\"elementor-widget-container\">\n\t\t\t\t\t\t\t\t\t<p>Mo\u017eemo prikupljati neosobne identifikacijske podatke o korisnicima kad god koriste na\u0161u web stranicu. Neosobni identifikacijski podaci mogu uklju\u010divati naziv preglednika, vrstu ra\u010dunala te tehni\u010dke informacije o na\u010dinu povezivanja korisnika s na\u0161om web stranicom, poput operativnog sustava, internetskog pru\u017eatelja usluga i sli\u010dne podatke.<\/p>\t\t\t\t\t\t\t\t<\/div>\n\t\t\t\t<\/div>\n\t\t\t\t<div class=\"elementor-element elementor-element-571f208 elementor-widget elementor-widget-heading\" data-id=\"571f208\" data-element_type=\"widget\" data-widget_type=\"heading.default\">\n\t\t\t\t<div class=\"elementor-widget-container\">\n\t\t\t\t\t<h2 class=\"elementor-heading-title elementor-size-default\">Kola\u010di\u0107i<\/h2>\t\t\t\t<\/div>\n\t\t\t\t<\/div>\n\t\t\t\t<div class=\"elementor-element elementor-element-f2966c8 elementor-widget elementor-widget-text-editor\" data-id=\"f2966c8\" data-element_type=\"widget\" data-widget_type=\"text-editor.default\">\n\t\t\t\t<div class=\"elementor-widget-container\">\n\t\t\t\t\t\t\t\t\t<p>Ova web stranica mo\u017ee koristiti \u201ekola\u010di\u0107e\u201c (cookies) za pobolj\u0161anje korisni\u010dkog iskustva. Korisnikov internetski preglednik pohranjuje kola\u010di\u0107e na tvrdi disk u svrhu vo\u0111enja evidencije i ponekad za pra\u0107enje informacija o korisniku. Korisnik mo\u017ee postaviti svoj preglednik da odbija kola\u010di\u0107e ili da ga upozorava kada se kola\u010di\u0107i \u0161alju. Ako to u\u010dini, imajte na umu da neke funkcije web stranice mo\u017eda ne\u0107e pravilno raditi. Na\u0161a web stranica koristi isklju\u010divo privremene kola\u010di\u0107e (session cookies) koji se bri\u0161u \u010dim korisnik zatvori internetski preglednik. Privremeni kola\u010di\u0107i ne prikupljaju informacije s korisnikova ra\u010dunala.<\/p>\t\t\t\t\t\t\t\t<\/div>\n\t\t\t\t<\/div>\n\t\t\t\t<div class=\"elementor-element elementor-element-d2f2a2e elementor-widget elementor-widget-heading\" data-id=\"d2f2a2e\" data-element_type=\"widget\" data-widget_type=\"heading.default\">\n\t\t\t\t<div class=\"elementor-widget-container\">\n\t\t\t\t\t<h2 class=\"elementor-heading-title elementor-size-default\">Dijeljenje va\u0161ih osobnih podataka\n<\/h2>\t\t\t\t<\/div>\n\t\t\t\t<\/div>\n\t\t\t\t<div class=\"elementor-element elementor-element-fa91d9b elementor-widget elementor-widget-text-editor\" data-id=\"fa91d9b\" data-element_type=\"widget\" data-widget_type=\"text-editor.default\">\n\t\t\t\t<div class=\"elementor-widget-container\">\n\t\t\t\t\t\t\t\t\t<p>Ne prodajemo niti iznajmljujemo osobne podatke korisnika tre\u0107im stranama. Mo\u017eemo dijeliti op\u0107enite agregirane demografske podatke koji nisu povezani s osobnim podacima o posjetiteljima i korisnicima s na\u0161im poslovnim partnerima. Tako\u0111er mo\u017eemo koristiti usluge tre\u0107ih strana koje nam poma\u017eu u vo\u0111enju poslovanja i upravljanju web stranicom ili u administraciji aktivnosti u na\u0161e ime, poput slanja newslettera ili anketa.<\/p>\t\t\t\t\t\t\t\t<\/div>\n\t\t\t\t<\/div>\n\t\t\t\t<div class=\"elementor-element elementor-element-7ae9faa elementor-widget elementor-widget-heading\" data-id=\"7ae9faa\" data-element_type=\"widget\" data-widget_type=\"heading.default\">\n\t\t\t\t<div class=\"elementor-widget-container\">\n\t\t\t\t\t<h2 class=\"elementor-heading-title elementor-size-default\">Poveznice na druge web stranice<\/h2>\t\t\t\t<\/div>\n\t\t\t\t<\/div>\n\t\t\t\t<div class=\"elementor-element elementor-element-ed6382d elementor-widget elementor-widget-text-editor\" data-id=\"ed6382d\" data-element_type=\"widget\" data-widget_type=\"text-editor.default\">\n\t\t\t\t<div class=\"elementor-widget-container\">\n\t\t\t\t\t\t\t\t\t<p>Kako bismo vam pru\u017eili bolju uslugu, na\u0161a stranica mo\u017ee vas povezati s nizom poveznica na druge lokalne i me\u0111unarodne organizacije i agencije. Prilikom povezivanja na takve druge web stranice vi\u0161e ne\u0107ete biti podlo\u017eni ovoj politici privatnosti, ve\u0107 politici privatnosti nove stranice.<\/p>\t\t\t\t\t\t\t\t<\/div>\n\t\t\t\t<\/div>\n\t\t\t\t<div class=\"elementor-element elementor-element-525481c elementor-widget elementor-widget-heading\" data-id=\"525481c\" data-element_type=\"widget\" data-widget_type=\"heading.default\">\n\t\t\t\t<div class=\"elementor-widget-container\">\n\t\t\t\t\t<h2 class=\"elementor-heading-title elementor-size-default\">Prihva\u0107anje uvjeta<\/h2>\t\t\t\t<\/div>\n\t\t\t\t<\/div>\n\t\t\t\t<div class=\"elementor-element elementor-element-5f3518c elementor-widget elementor-widget-text-editor\" data-id=\"5f3518c\" data-element_type=\"widget\" data-widget_type=\"text-editor.default\">\n\t\t\t\t<div class=\"elementor-widget-container\">\n\t\t\t\t\t\t\t\t\t<p>Kori\u0161tenjem ove stranice izra\u017eavate svoj pristanak na ovu politiku i uvjete kori\u0161tenja. Ukoliko se ne sla\u017eete s ovom politikom, molimo vas da ne koristite na\u0161u web stranicu.<\/p>\t\t\t\t\t\t\t\t<\/div>\n\t\t\t\t<\/div>\n\t\t\t\t<div class=\"elementor-element elementor-element-04fb495 elementor-widget elementor-widget-heading\" data-id=\"04fb495\" data-element_type=\"widget\" data-widget_type=\"heading.default\">\n\t\t\t\t<div class=\"elementor-widget-container\">\n\t\t\t\t\t<h2 class=\"elementor-heading-title elementor-size-default\">Izmjene ove Politike privatnosti\n<\/h2>\t\t\t\t<\/div>\n\t\t\t\t<\/div>\n\t\t\t\t<div class=\"elementor-element elementor-element-9b42d94 elementor-widget elementor-widget-text-editor\" data-id=\"9b42d94\" data-element_type=\"widget\" data-widget_type=\"text-editor.default\">\n\t\t\t\t<div class=\"elementor-widget-container\">\n\t\t\t\t\t\t\t\t\t<p>Ako do\u0111e do bilo kakvih promjena u ovoj Politici privatnosti, a\u017eurirat \u0107emo ovu stranicu. Stoga vam preporu\u010dujemo da redovito pregledavate ovu stranicu kad god posjetite na\u0161u web stranicu kako biste bili informirani o svim eventualnim izmjenama.<\/p>\t\t\t\t\t\t\t\t<\/div>\n\t\t\t\t<\/div>\n\t\t\t\t<div class=\"elementor-element elementor-element-e6a9e8f elementor-widget elementor-widget-heading\" data-id=\"e6a9e8f\" data-element_type=\"widget\" data-widget_type=\"heading.default\">\n\t\t\t\t<div class=\"elementor-widget-container\">\n\t\t\t\t\t<h2 class=\"elementor-heading-title elementor-size-default\">Povratna informacija\n<\/h2>\t\t\t\t<\/div>\n\t\t\t\t<\/div>\n\t\t\t\t<div class=\"elementor-element elementor-element-f45a543 elementor-widget elementor-widget-text-editor\" data-id=\"f45a543\" data-element_type=\"widget\" data-widget_type=\"text-editor.default\">\n\t\t\t\t<div class=\"elementor-widget-container\">\n\t\t\t\t\t\t\t\t\t<p>Bilo kakvi komentari ili prijedlozi koje imate, a koji mogu pridonijeti boljoj kvaliteti usluge su dobrodo\u0161li.<\/p>\t\t\t\t\t\t\t\t<\/div>\n\t\t\t\t<\/div>\n\t\t\t\t<\/div>\n\t\t\t\t<\/div>","protected":false},"excerpt":{"rendered":"<p>privacy Privacy policy This Privacy Policy governs the manner in which Zelena potkova j.d.o.o. collects, uses and discloses information collected from users of the SegwayCityTour.hr website. It applies to the web site and all products and services offered by Zelena potkova j.d.o.o. The SegwayCityTour.hr is committed to protect the privacy of individuals who visit the [&hellip;]<\/p>","protected":false},"author":1,"featured_media":0,"parent":0,"menu_order":0,"comment_status":"closed","ping_status":"closed","template":"","meta":{"_acf_changed":false,"footnotes":""},"class_list":["post-319","page","type-page","status-publish","hentry"],"acf":[],"_links":{"self":[{"href":"https:\/\/segwaycitytourzagreb.com\/hr\/wp-json\/wp\/v2\/pages\/319","targetHints":{"allow":["GET"]}}],"collection":[{"href":"https:\/\/segwaycitytourzagreb.com\/hr\/wp-json\/wp\/v2\/pages"}],"about":[{"href":"https:\/\/segwaycitytourzagreb.com\/hr\/wp-json\/wp\/v2\/types\/page"}],"author":[{"embeddable":true,"href":"https:\/\/segwaycitytourzagreb.com\/hr\/wp-json\/wp\/v2\/users\/1"}],"replies":[{"embeddable":true,"href":"https:\/\/segwaycitytourzagreb.com\/hr\/wp-json\/wp\/v2\/comments?post=319"}],"version-history":[{"count":0,"href":"https:\/\/segwaycitytourzagreb.com\/hr\/wp-json\/wp\/v2\/pages\/319\/revisions"}],"wp:attachment":[{"href":"https:\/\/segwaycitytourzagreb.com\/hr\/wp-json\/wp\/v2\/media?parent=319"}],"curies":[{"name":"wp","href":"https:\/\/api.w.org\/{rel}","templated":true}]}}